{"id":81,"date":"2021-12-08T18:08:45","date_gmt":"2021-12-08T17:08:45","guid":{"rendered":"https:\/\/vorlage.konex-marketing.de\/?page_id=81"},"modified":"2022-06-30T11:48:30","modified_gmt":"2022-06-30T09:48:30","slug":"b2b","status":"publish","type":"page","link":"https:\/\/fairsnack.bio\/en\/b2b\/","title":{"rendered":"B2B"},"content":{"rendered":"<div data-elementor-type=\"wp-page\" data-elementor-id=\"81\" class=\"elementor elementor-81\" data-elementor-post-type=\"page\">\n\t\t\t\t\t\t<section class=\"elementor-section elementor-top-section elementor-element elementor-element-a97fe4d elementor-section-height-min-height elementor-section-boxed elementor-section-height-default elementor-section-items-middle\" data-id=\"a97fe4d\" data-element_type=\"section\" data-e-type=\"section\" data-settings=\"{&quot;background_background&quot;:&quot;classic&quot;}\">\n\t\t\t\t\t\t<div class=\"elementor-container elementor-column-gap-default\">\n\t\t\t\t\t<div class=\"elementor-column elementor-col-100 elementor-top-column elementor-element elementor-element-c0bc8fd\" data-id=\"c0bc8fd\" data-element_type=\"column\" data-e-type=\"column\">\n\t\t\t<div class=\"elementor-widget-wrap\">\n\t\t\t\t\t\t\t<\/div>\n\t\t<\/div>\n\t\t\t\t\t<\/div>\n\t\t<\/section>\n\t\t\t\t<section class=\"elementor-section elementor-top-section elementor-element elementor-element-3248ab0 elementor-section-boxed elementor-section-height-default elementor-section-height-default\" data-id=\"3248ab0\" data-element_type=\"section\" data-e-type=\"section\">\n\t\t\t\t\t\t<div class=\"elementor-container elementor-column-gap-default\">\n\t\t\t\t\t<div class=\"elementor-column elementor-col-100 elementor-top-column elementor-element elementor-element-0b9bb11\" data-id=\"0b9bb11\" data-element_type=\"column\" data-e-type=\"column\">\n\t\t\t<div class=\"elementor-widget-wrap elementor-element-populated\">\n\t\t\t\t\t\t<div class=\"elementor-element elementor-element-650ac37 elementor-widget elementor-widget-heading\" data-id=\"650ac37\" data-element_type=\"widget\" data-e-type=\"widget\" data-widget_type=\"heading.default\">\n\t\t\t\t<div class=\"elementor-widget-container\">\n\t\t\t\t\t<h1 class=\"elementor-heading-title elementor-size-default\">Fairsnack \u2013 your wholesaler for nuts and dried fruit<\/h1>\t\t\t\t<\/div>\n\t\t\t\t<\/div>\n\t\t\t\t<div class=\"elementor-element elementor-element-f41881f elementor-widget-divider--view-line elementor-widget elementor-widget-divider\" data-id=\"f41881f\" data-element_type=\"widget\" data-e-type=\"widget\" data-widget_type=\"divider.default\">\n\t\t\t\t<div class=\"elementor-widget-container\">\n\t\t\t\t\t\t\t<div class=\"elementor-divider\">\n\t\t\t<span class=\"elementor-divider-separator\">\n\t\t\t\t\t\t<\/span>\n\t\t<\/div>\n\t\t\t\t\t\t<\/div>\n\t\t\t\t<\/div>\n\t\t\t\t<section class=\"elementor-section elementor-inner-section elementor-element elementor-element-ac7d13a elementor-section-full_width elementor-section-height-default elementor-section-height-default\" data-id=\"ac7d13a\" data-element_type=\"section\" data-e-type=\"section\">\n\t\t\t\t\t\t<div class=\"elementor-container elementor-column-gap-no\">\n\t\t\t\t\t<div class=\"elementor-column elementor-col-50 elementor-inner-column elementor-element elementor-element-13d79ea\" data-id=\"13d79ea\" data-element_type=\"column\" data-e-type=\"column\">\n\t\t\t<div class=\"elementor-widget-wrap elementor-element-populated\">\n\t\t\t\t\t\t<div class=\"elementor-element elementor-element-8a85a92 elementor-widget elementor-widget-image\" data-id=\"8a85a92\" data-element_type=\"widget\" data-e-type=\"widget\" data-widget_type=\"image.default\">\n\t\t\t\t<div class=\"elementor-widget-container\">\n\t\t\t\t\t\t\t\t\t\t\t\t\t\t\t<img fetchpriority=\"high\" decoding=\"async\" width=\"450\" height=\"550\" src=\"https:\/\/fairsnack.bio\/wp-content\/uploads\/2022\/06\/1-1.jpg\" class=\"attachment-large size-large wp-image-544\" alt=\"\" srcset=\"https:\/\/fairsnack.bio\/wp-content\/uploads\/2022\/06\/1-1.jpg 450w, https:\/\/fairsnack.bio\/wp-content\/uploads\/2022\/06\/1-1-245x300.jpg 245w\" sizes=\"(max-width: 450px) 100vw, 450px\" \/>\t\t\t\t\t\t\t\t\t\t\t\t\t\t\t<\/div>\n\t\t\t\t<\/div>\n\t\t\t\t\t<\/div>\n\t\t<\/div>\n\t\t\t\t<div class=\"elementor-column elementor-col-50 elementor-inner-column elementor-element elementor-element-d940979\" data-id=\"d940979\" data-element_type=\"column\" data-e-type=\"column\">\n\t\t\t<div class=\"elementor-widget-wrap elementor-element-populated\">\n\t\t\t\t\t\t<div class=\"elementor-element elementor-element-ffc8c16 elementor-widget elementor-widget-heading\" data-id=\"ffc8c16\" data-element_type=\"widget\" data-e-type=\"widget\" data-widget_type=\"heading.default\">\n\t\t\t\t<div class=\"elementor-widget-container\">\n\t\t\t\t\t<h2 class=\"elementor-heading-title elementor-size-default\">Business-to-Business<\/h2>\t\t\t\t<\/div>\n\t\t\t\t<\/div>\n\t\t\t\t<div class=\"elementor-element elementor-element-06a647a elementor-widget elementor-widget-text-editor\" data-id=\"06a647a\" data-element_type=\"widget\" data-e-type=\"widget\" data-widget_type=\"text-editor.default\">\n\t\t\t\t<div class=\"elementor-widget-container\">\n\t\t\t\t\t\t\t\t\t<p>If you want to buy nuts or dried fruit in wholesale, fairsnack is your trustworthy and reliable partner! Convince yourself of our high-quality standards by the intense flavours of our snacks and our fully organic, IFS food and fairtrade certified products. Since sustainability and love of nature are our top priorities, we are proud to be responsible for cultivation, harvesting, production as well as import and export in wholesale.<\/p><p>The results are premium wholesale products from the heart of Africa at the best price-performance ratio \u2013 both for our local producers and for our loyal and well-known business partners. On our product page you can learn more about the countries of origin of our dried fruits and nuts. In order to guarantee you crisp freshness, we store our fairsnack products only for a short period of time and provide flexible purchase quantities in wholesale.<\/p>\t\t\t\t\t\t\t\t<\/div>\n\t\t\t\t<\/div>\n\t\t\t\t\t<\/div>\n\t\t<\/div>\n\t\t\t\t\t<\/div>\n\t\t<\/section>\n\t\t\t\t<section class=\"elementor-section elementor-inner-section elementor-element elementor-element-f28e0e5 elementor-section-full_width elementor-reverse-mobile elementor-section-height-default elementor-section-height-default\" data-id=\"f28e0e5\" data-element_type=\"section\" data-e-type=\"section\">\n\t\t\t\t\t\t<div class=\"elementor-container elementor-column-gap-no\">\n\t\t\t\t\t<div class=\"elementor-column elementor-col-50 elementor-inner-column elementor-element elementor-element-e9de69d\" data-id=\"e9de69d\" data-element_type=\"column\" data-e-type=\"column\">\n\t\t\t<div class=\"elementor-widget-wrap elementor-element-populated\">\n\t\t\t\t\t\t<div class=\"elementor-element elementor-element-68f0cf8 elementor-widget elementor-widget-heading\" data-id=\"68f0cf8\" data-element_type=\"widget\" data-e-type=\"widget\" data-widget_type=\"heading.default\">\n\t\t\t\t<div class=\"elementor-widget-container\">\n\t\t\t\t\t<h2 class=\"elementor-heading-title elementor-size-default\">Proud to share \u2013 sustainability is important to us<\/h2>\t\t\t\t<\/div>\n\t\t\t\t<\/div>\n\t\t\t\t<div class=\"elementor-element elementor-element-6f98f0c elementor-widget elementor-widget-text-editor\" data-id=\"6f98f0c\" data-element_type=\"widget\" data-e-type=\"widget\" data-widget_type=\"text-editor.default\">\n\t\t\t\t<div class=\"elementor-widget-container\">\n\t\t\t\t\t\t\t\t\t<p>We have social justice and environmental protection at heart, and we believe that indulgence and a fair cooperation can go hand in hand. That is why every stage of production at fairsnack is determined by sustainability. Our nuts and dried fruit originate from African countries where the problems of the third world have a direct impact on people and nature.<\/p><p>It is important to us to not only benefit, but also take responsibility and make a positive contribution. For this reason, we support various initiatives in Africa that engage in the implementation of fair working conditions and equal rights for women. If you would like to support environmental protection and human rights too, please do not hesitate to contact us. <a href=\"https:\/\/fairsnack.bio\/en\/kontakt\/\">sprechen Sie uns gerne an<\/a>.<\/p>\t\t\t\t\t\t\t\t<\/div>\n\t\t\t\t<\/div>\n\t\t\t\t\t<\/div>\n\t\t<\/div>\n\t\t\t\t<div class=\"elementor-column elementor-col-50 elementor-inner-column elementor-element elementor-element-639a688\" data-id=\"639a688\" data-element_type=\"column\" data-e-type=\"column\">\n\t\t\t<div class=\"elementor-widget-wrap elementor-element-populated\">\n\t\t\t\t\t\t<div class=\"elementor-element elementor-element-8c63220 elementor-widget elementor-widget-image\" data-id=\"8c63220\" data-element_type=\"widget\" data-e-type=\"widget\" data-widget_type=\"image.default\">\n\t\t\t\t<div class=\"elementor-widget-container\">\n\t\t\t\t\t\t\t\t\t\t\t\t\t\t\t<img decoding=\"async\" width=\"450\" height=\"550\" src=\"https:\/\/fairsnack.bio\/wp-content\/uploads\/2022\/06\/2-1.jpg\" class=\"attachment-large size-large wp-image-545\" alt=\"\" srcset=\"https:\/\/fairsnack.bio\/wp-content\/uploads\/2022\/06\/2-1.jpg 450w, https:\/\/fairsnack.bio\/wp-content\/uploads\/2022\/06\/2-1-245x300.jpg 245w\" sizes=\"(max-width: 450px) 100vw, 450px\" \/>\t\t\t\t\t\t\t\t\t\t\t\t\t\t\t<\/div>\n\t\t\t\t<\/div>\n\t\t\t\t\t<\/div>\n\t\t<\/div>\n\t\t\t\t\t<\/div>\n\t\t<\/section>\n\t\t\t\t<section class=\"elementor-section elementor-inner-section elementor-element elementor-element-e76f994 elementor-section-full_width elementor-section-height-default elementor-section-height-default\" data-id=\"e76f994\" data-element_type=\"section\" data-e-type=\"section\">\n\t\t\t\t\t\t<div class=\"elementor-container elementor-column-gap-no\">\n\t\t\t\t\t<div class=\"elementor-column elementor-col-50 elementor-inner-column elementor-element elementor-element-31ceb8e\" data-id=\"31ceb8e\" data-element_type=\"column\" data-e-type=\"column\">\n\t\t\t<div class=\"elementor-widget-wrap elementor-element-populated\">\n\t\t\t\t\t\t<div class=\"elementor-element elementor-element-86a2f80 elementor-widget elementor-widget-image\" data-id=\"86a2f80\" data-element_type=\"widget\" data-e-type=\"widget\" data-widget_type=\"image.default\">\n\t\t\t\t<div class=\"elementor-widget-container\">\n\t\t\t\t\t\t\t\t\t\t\t\t\t\t\t<img decoding=\"async\" width=\"450\" height=\"550\" src=\"https:\/\/fairsnack.bio\/wp-content\/uploads\/2022\/06\/3-1.jpg\" class=\"attachment-large size-large wp-image-546\" alt=\"\" srcset=\"https:\/\/fairsnack.bio\/wp-content\/uploads\/2022\/06\/3-1.jpg 450w, https:\/\/fairsnack.bio\/wp-content\/uploads\/2022\/06\/3-1-245x300.jpg 245w\" sizes=\"(max-width: 450px) 100vw, 450px\" \/>\t\t\t\t\t\t\t\t\t\t\t\t\t\t\t<\/div>\n\t\t\t\t<\/div>\n\t\t\t\t\t<\/div>\n\t\t<\/div>\n\t\t\t\t<div class=\"elementor-column elementor-col-50 elementor-inner-column elementor-element elementor-element-da47814\" data-id=\"da47814\" data-element_type=\"column\" data-e-type=\"column\">\n\t\t\t<div class=\"elementor-widget-wrap elementor-element-populated\">\n\t\t\t\t\t\t<div class=\"elementor-element elementor-element-605b1b3 elementor-widget elementor-widget-heading\" data-id=\"605b1b3\" data-element_type=\"widget\" data-e-type=\"widget\" data-widget_type=\"heading.default\">\n\t\t\t\t<div class=\"elementor-widget-container\">\n\t\t\t\t\t<h2 class=\"elementor-heading-title elementor-size-default\">Order - buy nuts and dried fruit at wholesale<\/h2>\t\t\t\t<\/div>\n\t\t\t\t<\/div>\n\t\t\t\t<div class=\"elementor-element elementor-element-a4d280a elementor-widget elementor-widget-text-editor\" data-id=\"a4d280a\" data-element_type=\"widget\" data-e-type=\"widget\" data-widget_type=\"text-editor.default\">\n\t\t\t\t<div class=\"elementor-widget-container\">\n\t\t\t\t\t\t\t\t\t<p>If you decide to order nuts and dried fruit from fairsnack, we will be your reliable business partner with flexible purchasing conditions:<\/p><ul><li>The trace number enables you to trace each of our batches back to its field.<\/li><li>Our minimum order quantity is one tonne or one pallet, the maximum order quantity per month is four containers.<\/li><li>Fairsnack boxes are vacuumed and sealed, also special packaging is possible on request.<\/li><\/ul><p>Our recommendation: Since nuts and dried fruits are seasonal products in wholesale, we recommend you to order large quantities in advance!<\/p>\t\t\t\t\t\t\t\t<\/div>\n\t\t\t\t<\/div>\n\t\t\t\t\t<\/div>\n\t\t<\/div>\n\t\t\t\t\t<\/div>\n\t\t<\/section>\n\t\t\t\t<section class=\"elementor-section elementor-inner-section elementor-element elementor-element-81982ff elementor-section-full_width elementor-reverse-mobile elementor-section-height-default elementor-section-height-default\" data-id=\"81982ff\" data-element_type=\"section\" data-e-type=\"section\">\n\t\t\t\t\t\t<div class=\"elementor-container elementor-column-gap-no\">\n\t\t\t\t\t<div class=\"elementor-column elementor-col-50 elementor-inner-column elementor-element elementor-element-e910f56\" data-id=\"e910f56\" data-element_type=\"column\" data-e-type=\"column\">\n\t\t\t<div class=\"elementor-widget-wrap elementor-element-populated\">\n\t\t\t\t\t\t<div class=\"elementor-element elementor-element-69c743d elementor-widget elementor-widget-heading\" data-id=\"69c743d\" data-element_type=\"widget\" data-e-type=\"widget\" data-widget_type=\"heading.default\">\n\t\t\t\t<div class=\"elementor-widget-container\">\n\t\t\t\t\t<h2 class=\"elementor-heading-title elementor-size-default\">Delivery - reliable and sustainable partners<\/h2>\t\t\t\t<\/div>\n\t\t\t\t<\/div>\n\t\t\t\t<div class=\"elementor-element elementor-element-b03dec1 elementor-widget elementor-widget-text-editor\" data-id=\"b03dec1\" data-element_type=\"widget\" data-e-type=\"widget\" data-widget_type=\"text-editor.default\">\n\t\t\t\t<div class=\"elementor-widget-container\">\n\t\t\t\t\t\t\t\t\t<p>In the field of logistics, we collaborate with reliable partners whose outstanding expertise we can rely on due to long-term cooperation. In line with our sustainable corporate philosophy, our partners are also organic certified. As a wholesaler for nuts and dried fruit we can offer you the following deliveries:<\/p><ul><li>Delivered Duty Paid (DDP) \u2013 we offer you duty paid deliveries to the destination of your choice.<\/li><li>Free on board (FOB) \u2013 we deliver comfortably to your door and take care of the transport to the port, cargo handling and customs clearance for you.<\/li><li>Cost and Freight (CFR) \u2013 order to the port of destination of your choice and we will take care of the freight.<\/li><\/ul>\t\t\t\t\t\t\t\t<\/div>\n\t\t\t\t<\/div>\n\t\t\t\t\t<\/div>\n\t\t<\/div>\n\t\t\t\t<div class=\"elementor-column elementor-col-50 elementor-inner-column elementor-element elementor-element-e189049\" data-id=\"e189049\" data-element_type=\"column\" data-e-type=\"column\">\n\t\t\t<div class=\"elementor-widget-wrap elementor-element-populated\">\n\t\t\t\t\t\t<div class=\"elementor-element elementor-element-2458cfb elementor-widget elementor-widget-image\" data-id=\"2458cfb\" data-element_type=\"widget\" data-e-type=\"widget\" data-widget_type=\"image.default\">\n\t\t\t\t<div class=\"elementor-widget-container\">\n\t\t\t\t\t\t\t\t\t\t\t\t\t\t\t<img loading=\"lazy\" decoding=\"async\" width=\"450\" height=\"550\" src=\"https:\/\/fairsnack.bio\/wp-content\/uploads\/2022\/06\/4-1.jpg\" class=\"attachment-large size-large wp-image-547\" alt=\"\" srcset=\"https:\/\/fairsnack.bio\/wp-content\/uploads\/2022\/06\/4-1.jpg 450w, https:\/\/fairsnack.bio\/wp-content\/uploads\/2022\/06\/4-1-245x300.jpg 245w\" sizes=\"(max-width: 450px) 100vw, 450px\" \/>\t\t\t\t\t\t\t\t\t\t\t\t\t\t\t<\/div>\n\t\t\t\t<\/div>\n\t\t\t\t\t<\/div>\n\t\t<\/div>\n\t\t\t\t\t<\/div>\n\t\t<\/section>\n\t\t\t\t\t<\/div>\n\t\t<\/div>\n\t\t\t\t\t<\/div>\n\t\t<\/section>\n\t\t\t\t<\/div>","protected":false},"excerpt":{"rendered":"<p>Fairsnack \u2013 Ihr Gro\u00dfh\u00e4ndler f\u00fcr N\u00fcsse und Trockenfr\u00fcchte Von Unternehmen zu Unternehmen M\u00f6chten Sie N\u00fcsse oder Trockenfr\u00fcchte im Gro\u00dfhandel kaufen, dann ist Fairsnack Ihr vertrauensw\u00fcrdiger Partner! Unsere hohen Qualit\u00e4tsanspr\u00fcche k\u00f6nnen Sie nicht nur in den intensiven Aromen unserer Snacks schmecken, sondern durch unsere Bio-, IFS-Food- und Fairtrade-Zertifikate auch l\u00fcckenlos nachvollziehen. Da Nachhaltigkeit und die Liebe [&hellip;]<\/p>\n","protected":false},"author":2,"featured_media":0,"parent":0,"menu_order":0,"comment_status":"closed","ping_status":"closed","template":"","meta":{"footnotes":""},"class_list":["post-81","page","type-page","status-publish","hentry"],"_links":{"self":[{"href":"https:\/\/fairsnack.bio\/en\/wp-json\/wp\/v2\/pages\/81","targetHints":{"allow":["GET"]}}],"collection":[{"href":"https:\/\/fairsnack.bio\/en\/wp-json\/wp\/v2\/pages"}],"about":[{"href":"https:\/\/fairsnack.bio\/en\/wp-json\/wp\/v2\/types\/page"}],"author":[{"embeddable":true,"href":"https:\/\/fairsnack.bio\/en\/wp-json\/wp\/v2\/users\/2"}],"replies":[{"embeddable":true,"href":"https:\/\/fairsnack.bio\/en\/wp-json\/wp\/v2\/comments?post=81"}],"version-history":[{"count":5,"href":"https:\/\/fairsnack.bio\/en\/wp-json\/wp\/v2\/pages\/81\/revisions"}],"predecessor-version":[{"id":758,"href":"https:\/\/fairsnack.bio\/en\/wp-json\/wp\/v2\/pages\/81\/revisions\/758"}],"wp:attachment":[{"href":"https:\/\/fairsnack.bio\/en\/wp-json\/wp\/v2\/media?parent=81"}],"curies":[{"name":"wp","href":"https:\/\/api.w.org\/{rel}","templated":true}]}}