{"id":47,"date":"2021-11-04T14:38:20","date_gmt":"2021-11-04T13:38:20","guid":{"rendered":"https:\/\/vorlage.konex-marketing.de\/?page_id=47"},"modified":"2022-06-24T15:08:44","modified_gmt":"2022-06-24T13:08:44","slug":"impressum","status":"publish","type":"page","link":"https:\/\/fairsnack.bio\/en\/impressum\/","title":{"rendered":"Impressum"},"content":{"rendered":"<div data-elementor-type=\"wp-page\" data-elementor-id=\"47\" class=\"elementor elementor-47\" data-elementor-post-type=\"page\">\n\t\t\t\t\t\t<section class=\"elementor-section elementor-top-section elementor-element elementor-element-bf0ad30 elementor-section-boxed elementor-section-height-default elementor-section-height-default\" data-id=\"bf0ad30\" data-element_type=\"section\" data-e-type=\"section\">\n\t\t\t\t\t\t<div class=\"elementor-container elementor-column-gap-default\">\n\t\t\t\t\t<div class=\"elementor-column elementor-col-100 elementor-top-column elementor-element elementor-element-9f094eb\" data-id=\"9f094eb\" data-element_type=\"column\" data-e-type=\"column\">\n\t\t\t<div class=\"elementor-widget-wrap elementor-element-populated\">\n\t\t\t\t\t\t<div class=\"elementor-element elementor-element-05c29a4 elementor-widget elementor-widget-heading\" data-id=\"05c29a4\" data-element_type=\"widget\" data-e-type=\"widget\" data-widget_type=\"heading.default\">\n\t\t\t\t<div class=\"elementor-widget-container\">\n\t\t\t\t\t<h1 class=\"elementor-heading-title elementor-size-default\">Impressum<\/h1>\t\t\t\t<\/div>\n\t\t\t\t<\/div>\n\t\t\t\t<div class=\"elementor-element elementor-element-27ce2ff elementor-widget elementor-widget-text-editor\" data-id=\"27ce2ff\" data-element_type=\"widget\" data-e-type=\"widget\" data-widget_type=\"text-editor.default\">\n\t\t\t\t<div class=\"elementor-widget-container\">\n\t\t\t\t\t\t\t\t\t<p><strong>Fairsnack GmbH<\/strong><br \/>Niederh\u00f6chst\u00e4dter Stra\u00dfe 64<br \/>61476 Kronberg im Taunus<\/p><p>Vertretungsberechtiger Gesch\u00e4ftsf\u00fchrer: Ginesko Lankoande<\/p><p>Telefon: 06173\/ 3946383<\/p><p>E-Mail: <strong><a href=\"mailto:info@fairsnack.bio\">info@fairsnack.bio<\/a><\/strong><\/p><p>Registergericht: Amtsgericht K\u00f6nigstein HRB 10328<\/p><p>Umsatzsteuer-Identifikationsnummer gem. \u00a7 27a UStG: USt.-ID: DE310829481<\/p><p>\u00a0<\/p><p><strong>Inhaber:<\/strong><\/p><p>Ginesko Lankoande<\/p><p>\u00a0<\/p><p><strong>Haftungsausschluss:<\/strong><\/p><p>Der Domaininhaber sowie der Verfasser und Verantwortliche der Web-Site \u00fcbernehmen trotz sorgf\u00e4ltiger Recherche und \u00dcberpr\u00fcfung der zugrundeliegenden Quellen keine Gew\u00e4hr f\u00fcr den Inhalt der Seiten unserer Partner. Jegliche Haftung f\u00fcr Inhalte und Angebote dieser Seiten und daraus entstehende Sch\u00e4den sind ausgeschlossen.<\/p><p>\u00a0<\/p><p><strong>Externe Links:<\/strong><\/p><p>Die Inhaber dieser Seite distanzieren sich ausdr\u00fccklich von Inhalten anderer Web-Seiten, die m\u00f6glicherweise \u00fcber hier angebrachte \u201eLinks\u201c zu erreichen sind. F\u00fcr die Inhalte \u201egelinkter\u201c Web-Seiten sind ausschlie\u00dflich die jeweiligen Inhaber verantwortlich.<\/p><p>\u00a0<\/p><p><strong>Speichern von Daten:<\/strong><\/p><p>Wir speichern personenbezogene Daten auf unserem Webserver.<\/p><p>Wir ben\u00f6tigen die personenbezogenen Daten im Bereich der Kontaktformulare, um mit Ihnen in Verbindung zu treten.<\/p><p>Sie haben das Recht, der Speicherung Ihrer personenbezogenen Daten zu widersprechen und deren \u2013 auch nachtr\u00e4glichen \u2013 L\u00f6schung zu verlangen.<\/p><p>Wir verwenden die von Ihnen online zur Verf\u00fcgung gestellten personenbezogenen Daten nur f\u00fcr die Erf\u00fcllung der auf Ihrer eigenen Homepage dargebotenen Zwecke. Wir verkaufen diese personenbezogenen Daten weder an Dritte noch vermarkten wir sie anderweitig.<\/p>\t\t\t\t\t\t\t\t<\/div>\n\t\t\t\t<\/div>\n\t\t\t\t<div class=\"elementor-element elementor-element-b7e7b89 elementor-widget elementor-widget-heading\" data-id=\"b7e7b89\" data-element_type=\"widget\" data-e-type=\"widget\" data-widget_type=\"heading.default\">\n\t\t\t\t<div class=\"elementor-widget-container\">\n\t\t\t\t\t<h2 class=\"elementor-heading-title elementor-size-default\">Konzept und Umsetzung<\/h2>\t\t\t\t<\/div>\n\t\t\t\t<\/div>\n\t\t\t\t<div class=\"elementor-element elementor-element-cb07cc5 elementor-position-left elementor-vertical-align-bottom elementor-widget elementor-widget-image-box\" data-id=\"cb07cc5\" data-element_type=\"widget\" data-e-type=\"widget\" data-widget_type=\"image-box.default\">\n\t\t\t\t<div class=\"elementor-widget-container\">\n\t\t\t\t\t<div class=\"elementor-image-box-wrapper\"><figure class=\"elementor-image-box-img\"><a href=\"https:\/\/konex-marketing.de\/\" tabindex=\"-1\" target=\"_blank\" rel=\"noopener\"><img decoding=\"async\" width=\"50\" height=\"50\" src=\"https:\/\/fairsnack.bio\/wp-content\/uploads\/2022\/06\/Konex_Marketing_Logo.jpg\" class=\"attachment-full size-full wp-image-660\" alt=\"\" srcset=\"https:\/\/fairsnack.bio\/wp-content\/uploads\/2022\/06\/Konex_Marketing_Logo.jpg 50w, https:\/\/fairsnack.bio\/wp-content\/uploads\/2022\/06\/Konex_Marketing_Logo-12x12.jpg 12w\" sizes=\"(max-width: 50px) 100vw, 50px\" \/><\/a><\/figure><div class=\"elementor-image-box-content\"><h3 class=\"elementor-image-box-title\"><a href=\"https:\/\/konex-marketing.de\/\" target=\"_blank\" rel=\"noopener\">KONEX Marketing<\/a><\/h3><p class=\"elementor-image-box-description\">Full Service Online Marketing Agentur<\/p><\/div><\/div>\t\t\t\t<\/div>\n\t\t\t\t<\/div>\n\t\t\t\t\t<\/div>\n\t\t<\/div>\n\t\t\t\t\t<\/div>\n\t\t<\/section>\n\t\t\t\t<\/div>","protected":false},"excerpt":{"rendered":"<p>Impressum Fairsnack GmbHNiederh\u00f6chst\u00e4dter Stra\u00dfe 6461476 Kronberg im Taunus Vertretungsberechtiger Gesch\u00e4ftsf\u00fchrer: Ginesko Lankoande Telefon: 06173\/ 3946383 E-Mail: info@fairsnack.bio Registergericht: Amtsgericht K\u00f6nigstein HRB 10328 Umsatzsteuer-Identifikationsnummer gem. \u00a7 27a UStG: USt.-ID: DE310829481 \u00a0 Inhaber: Ginesko Lankoande \u00a0 Haftungsausschluss: Der Domaininhaber sowie der Verfasser und Verantwortliche der Web-Site \u00fcbernehmen trotz sorgf\u00e4ltiger Recherche und \u00dcberpr\u00fcfung der zugrundeliegenden Quellen keine Gew\u00e4hr [&hellip;]<\/p>\n","protected":false},"author":2,"featured_media":0,"parent":0,"menu_order":0,"comment_status":"closed","ping_status":"closed","template":"","meta":{"footnotes":""},"class_list":["post-47","page","type-page","status-publish","hentry"],"_links":{"self":[{"href":"https:\/\/fairsnack.bio\/en\/wp-json\/wp\/v2\/pages\/47","targetHints":{"allow":["GET"]}}],"collection":[{"href":"https:\/\/fairsnack.bio\/en\/wp-json\/wp\/v2\/pages"}],"about":[{"href":"https:\/\/fairsnack.bio\/en\/wp-json\/wp\/v2\/types\/page"}],"author":[{"embeddable":true,"href":"https:\/\/fairsnack.bio\/en\/wp-json\/wp\/v2\/users\/2"}],"replies":[{"embeddable":true,"href":"https:\/\/fairsnack.bio\/en\/wp-json\/wp\/v2\/comments?post=47"}],"version-history":[{"count":5,"href":"https:\/\/fairsnack.bio\/en\/wp-json\/wp\/v2\/pages\/47\/revisions"}],"predecessor-version":[{"id":666,"href":"https:\/\/fairsnack.bio\/en\/wp-json\/wp\/v2\/pages\/47\/revisions\/666"}],"wp:attachment":[{"href":"https:\/\/fairsnack.bio\/en\/wp-json\/wp\/v2\/media?parent=47"}],"curies":[{"name":"wp","href":"https:\/\/api.w.org\/{rel}","templated":true}]}}