{"id":229,"date":"2022-06-23T13:04:44","date_gmt":"2022-06-23T11:04:44","guid":{"rendered":"https:\/\/dev.fairsnack.bio\/?page_id=229"},"modified":"2023-04-11T17:15:21","modified_gmt":"2023-04-11T15:15:21","slug":"kokosnuss","status":"publish","type":"page","link":"https:\/\/fairsnack.bio\/en\/produkte\/kokosnuss\/","title":{"rendered":"Coconut Flakes"},"content":{"rendered":"<div data-elementor-type=\"wp-page\" data-elementor-id=\"229\" class=\"elementor elementor-229\" data-elementor-post-type=\"page\">\n\t\t\t\t\t\t<section class=\"elementor-section elementor-top-section elementor-element elementor-element-487a500 elementor-section-boxed elementor-section-height-default elementor-section-height-default\" data-id=\"487a500\" data-element_type=\"section\" data-e-type=\"section\">\n\t\t\t\t\t\t<div class=\"elementor-container elementor-column-gap-default\">\n\t\t\t\t\t<div class=\"elementor-column elementor-col-100 elementor-top-column elementor-element elementor-element-0761149\" data-id=\"0761149\" data-element_type=\"column\" data-e-type=\"column\">\n\t\t\t<div class=\"elementor-widget-wrap elementor-element-populated\">\n\t\t\t\t\t\t<div class=\"elementor-element elementor-element-cc6873a elementor-widget elementor-widget-image\" data-id=\"cc6873a\" data-element_type=\"widget\" data-e-type=\"widget\" data-widget_type=\"image.default\">\n\t\t\t\t<div class=\"elementor-widget-container\">\n\t\t\t\t\t\t\t\t\t\t\t\t\t\t\t<img fetchpriority=\"high\" decoding=\"async\" width=\"800\" height=\"400\" src=\"https:\/\/fairsnack.bio\/wp-content\/uploads\/2022\/06\/Coconut-chips-1024x512.jpg\" class=\"attachment-large size-large wp-image-497\" alt=\"\" srcset=\"https:\/\/fairsnack.bio\/wp-content\/uploads\/2022\/06\/Coconut-chips-1024x512.jpg 1024w, https:\/\/fairsnack.bio\/wp-content\/uploads\/2022\/06\/Coconut-chips-300x150.jpg 300w, https:\/\/fairsnack.bio\/wp-content\/uploads\/2022\/06\/Coconut-chips-768x384.jpg 768w, https:\/\/fairsnack.bio\/wp-content\/uploads\/2022\/06\/Coconut-chips.jpg 1200w\" sizes=\"(max-width: 800px) 100vw, 800px\" \/>\t\t\t\t\t\t\t\t\t\t\t\t\t\t\t<\/div>\n\t\t\t\t<\/div>\n\t\t\t\t\t<\/div>\n\t\t<\/div>\n\t\t\t\t\t<\/div>\n\t\t<\/section>\n\t\t\t\t<section class=\"elementor-section elementor-top-section elementor-element elementor-element-9116a68 elementor-section-boxed elementor-section-height-default elementor-section-height-default\" data-id=\"9116a68\" data-element_type=\"section\" data-e-type=\"section\">\n\t\t\t\t\t\t<div class=\"elementor-container elementor-column-gap-default\">\n\t\t\t\t\t<div class=\"elementor-column elementor-col-50 elementor-top-column elementor-element elementor-element-d9d1aa6\" data-id=\"d9d1aa6\" data-element_type=\"column\" data-e-type=\"column\">\n\t\t\t<div class=\"elementor-widget-wrap elementor-element-populated\">\n\t\t\t\t\t\t<div class=\"elementor-element elementor-element-8fa3b27 elementor-widget elementor-widget-heading\" data-id=\"8fa3b27\" data-element_type=\"widget\" data-e-type=\"widget\" data-widget_type=\"heading.default\">\n\t\t\t\t<div class=\"elementor-widget-container\">\n\t\t\t\t\t<h2 class=\"elementor-heading-title elementor-size-default\">Coconut Flakes<\/h2>\t\t\t\t<\/div>\n\t\t\t\t<\/div>\n\t\t\t\t<div class=\"elementor-element elementor-element-7cb3539 elementor-widget elementor-widget-text-editor\" data-id=\"7cb3539\" data-element_type=\"widget\" data-e-type=\"widget\" data-widget_type=\"text-editor.default\">\n\t\t\t\t<div class=\"elementor-widget-container\">\n\t\t\t\t\t\t\t\t\t<ul><li><strong>RAW and no additives<\/strong><\/li><li><strong>Organic certification in accordance with the EG Directive on organic farming<\/strong><\/li><li><strong>Gently and naturally dried for a rich taste<\/strong><\/li><\/ul>\t\t\t\t\t\t\t\t<\/div>\n\t\t\t\t<\/div>\n\t\t\t\t<div class=\"elementor-element elementor-element-aad6710 elementor-widget elementor-widget-text-editor\" data-id=\"aad6710\" data-element_type=\"widget\" data-e-type=\"widget\" data-widget_type=\"text-editor.default\">\n\t\t\t\t<div class=\"elementor-widget-container\">\n\t\t\t\t\t\t\t\t\t<p>The coconut grows on coconut palms which are up to 30 meters high and is not a real \u201cnut\u201d, but the largest seed of the world. The typical white fruit pulp and the hairy, woody shell are a characteristic of ripe coconuts, while young coconuts contain a lot of coconut water but hardly any fruit pulp. The coconuts for our organic coconut flakes are harvested fully ripened from the palm.<\/p><p>Did you know: Coconuts that fall from the palm tree are usually already spoiled and inedible.\n\nAfter harvesting, the coconuts are cracked, the remaining coconut water is removed, and the fruit pulp is cut and dried gently and naturally. This gives our coconut chips an intense tropical aroma and many of its valuable ingredients are preserved. These include important minerals such as zinc, phosphorus, selenium, iron and magnesium \u2013 but also a natural proportion of fat and sugar, which provides long-lasting satiation without driving up the blood sugar level too much.\n\nOrganic dried coconut flakes by fairsnack are an ideal snack on-the-go or as part of a low-carbohydrate diet. Also, coconut flakes add an interesting tropical twist to salads, muesli and smoothies.<\/p><p><span style=\"color: #71b73a;\"><strong><br \/>Unsere Produkte erf\u00fcllen die neuen Vorgaben der EU-Rechtsvorschriften f\u00fcr den \u00f6kologischen Landbau in der Verordnung (EU) 2018\/848.<\/strong><\/span><br \/><span style=\"color: #71b73a;\"><strong>\u00d6ko-Kontrollstelle: DE-\u00d6KO-007<\/strong><\/span><\/p>\t\t\t\t\t\t\t\t<\/div>\n\t\t\t\t<\/div>\n\t\t\t\t\t<\/div>\n\t\t<\/div>\n\t\t\t\t<div class=\"elementor-column elementor-col-50 elementor-top-column elementor-element elementor-element-ff7b2b8\" data-id=\"ff7b2b8\" data-element_type=\"column\" data-e-type=\"column\">\n\t\t\t<div class=\"elementor-widget-wrap elementor-element-populated\">\n\t\t\t\t\t\t<div class=\"elementor-element elementor-element-ced9101 elementor-vertical-align-top elementor-widget elementor-widget-image-box\" data-id=\"ced9101\" data-element_type=\"widget\" data-e-type=\"widget\" data-widget_type=\"image-box.default\">\n\t\t\t\t<div class=\"elementor-widget-container\">\n\t\t\t\t\t<div class=\"elementor-image-box-wrapper\"><div class=\"elementor-image-box-content\"><h3 class=\"elementor-image-box-title\">Origin<\/h3><p class=\"elementor-image-box-description\">Burkina Faso<\/p><\/div><\/div>\t\t\t\t<\/div>\n\t\t\t\t<\/div>\n\t\t\t\t<div class=\"elementor-element elementor-element-8b9ff63 elementor-widget-divider--view-line elementor-widget elementor-widget-divider\" data-id=\"8b9ff63\" data-element_type=\"widget\" data-e-type=\"widget\" data-widget_type=\"divider.default\">\n\t\t\t\t<div class=\"elementor-widget-container\">\n\t\t\t\t\t\t\t<div class=\"elementor-divider\">\n\t\t\t<span class=\"elementor-divider-separator\">\n\t\t\t\t\t\t<\/span>\n\t\t<\/div>\n\t\t\t\t\t\t<\/div>\n\t\t\t\t<\/div>\n\t\t\t\t<div class=\"elementor-element elementor-element-db0010c elementor-vertical-align-top elementor-widget elementor-widget-image-box\" data-id=\"db0010c\" data-element_type=\"widget\" data-e-type=\"widget\" data-widget_type=\"image-box.default\">\n\t\t\t\t<div class=\"elementor-widget-container\">\n\t\t\t\t\t<div class=\"elementor-image-box-wrapper\"><div class=\"elementor-image-box-content\"><h3 class=\"elementor-image-box-title\">Shipping time<\/h3><p class=\"elementor-image-box-description\">From 1000KG (box weighs 22,68KG)<\/p><\/div><\/div>\t\t\t\t<\/div>\n\t\t\t\t<\/div>\n\t\t\t\t<div class=\"elementor-element elementor-element-2035e19 elementor-widget-divider--view-line elementor-widget elementor-widget-divider\" data-id=\"2035e19\" data-element_type=\"widget\" data-e-type=\"widget\" data-widget_type=\"divider.default\">\n\t\t\t\t<div class=\"elementor-widget-container\">\n\t\t\t\t\t\t\t<div class=\"elementor-divider\">\n\t\t\t<span class=\"elementor-divider-separator\">\n\t\t\t\t\t\t<\/span>\n\t\t<\/div>\n\t\t\t\t\t\t<\/div>\n\t\t\t\t<\/div>\n\t\t\t\t<div class=\"elementor-element elementor-element-a46ce4c elementor-vertical-align-top elementor-widget elementor-widget-image-box\" data-id=\"a46ce4c\" data-element_type=\"widget\" data-e-type=\"widget\" data-widget_type=\"image-box.default\">\n\t\t\t\t<div class=\"elementor-widget-container\">\n\t\t\t\t\t<div class=\"elementor-image-box-wrapper\"><div class=\"elementor-image-box-content\"><h3 class=\"elementor-image-box-title\">Shipping time<\/h3><p class=\"elementor-image-box-description\">2 weeks<\/p><\/div><\/div>\t\t\t\t<\/div>\n\t\t\t\t<\/div>\n\t\t\t\t\t<\/div>\n\t\t<\/div>\n\t\t\t\t\t<\/div>\n\t\t<\/section>\n\t\t\t\t<\/div>","protected":false},"excerpt":{"rendered":"<p>Getrocknete Kokoschips Unbehandelt und ohne Zus\u00e4tze Bio-zertifiziert gem\u00e4\u00df EG-\u00d6ko-Verordnung Schonend naturgetrocknet und intensiv im Aroma Die Kokosnuss w\u00e4chst an bis zu 30 Meter hohen Kokospalmen und ist tats\u00e4chlich keine echte \u201eNuss\u201c, sondern der gr\u00f6\u00dfte weltweit bekannte Samen. Das typische wei\u00dfe Fleisch und die haarige, holzige Schale sind ein Merkmal reifer Kokosn\u00fcsse, w\u00e4hrend junge Exemplare viel [&hellip;]<\/p>\n","protected":false},"author":2,"featured_media":0,"parent":67,"menu_order":7,"comment_status":"closed","ping_status":"closed","template":"","meta":{"footnotes":""},"class_list":["post-229","page","type-page","status-publish","hentry"],"_links":{"self":[{"href":"https:\/\/fairsnack.bio\/en\/wp-json\/wp\/v2\/pages\/229","targetHints":{"allow":["GET"]}}],"collection":[{"href":"https:\/\/fairsnack.bio\/en\/wp-json\/wp\/v2\/pages"}],"about":[{"href":"https:\/\/fairsnack.bio\/en\/wp-json\/wp\/v2\/types\/page"}],"author":[{"embeddable":true,"href":"https:\/\/fairsnack.bio\/en\/wp-json\/wp\/v2\/users\/2"}],"replies":[{"embeddable":true,"href":"https:\/\/fairsnack.bio\/en\/wp-json\/wp\/v2\/comments?post=229"}],"version-history":[{"count":5,"href":"https:\/\/fairsnack.bio\/en\/wp-json\/wp\/v2\/pages\/229\/revisions"}],"predecessor-version":[{"id":815,"href":"https:\/\/fairsnack.bio\/en\/wp-json\/wp\/v2\/pages\/229\/revisions\/815"}],"up":[{"embeddable":true,"href":"https:\/\/fairsnack.bio\/en\/wp-json\/wp\/v2\/pages\/67"}],"wp:attachment":[{"href":"https:\/\/fairsnack.bio\/en\/wp-json\/wp\/v2\/media?parent=229"}],"curies":[{"name":"wp","href":"https:\/\/api.w.org\/{rel}","templated":true}]}}