{"id":225,"date":"2022-06-23T13:04:12","date_gmt":"2022-06-23T11:04:12","guid":{"rendered":"https:\/\/dev.fairsnack.bio\/?page_id=225"},"modified":"2023-04-11T17:15:02","modified_gmt":"2023-04-11T15:15:02","slug":"mango","status":"publish","type":"page","link":"https:\/\/fairsnack.bio\/en\/produkte\/mango\/","title":{"rendered":"Dried Mango"},"content":{"rendered":"<div data-elementor-type=\"wp-page\" data-elementor-id=\"225\" class=\"elementor elementor-225\" data-elementor-post-type=\"page\">\n\t\t\t\t\t\t<section class=\"elementor-section elementor-top-section elementor-element elementor-element-b67227d elementor-section-boxed elementor-section-height-default elementor-section-height-default\" data-id=\"b67227d\" data-element_type=\"section\" data-e-type=\"section\">\n\t\t\t\t\t\t<div class=\"elementor-container elementor-column-gap-default\">\n\t\t\t\t\t<div class=\"elementor-column elementor-col-100 elementor-top-column elementor-element elementor-element-d4d2c46\" data-id=\"d4d2c46\" data-element_type=\"column\" data-e-type=\"column\">\n\t\t\t<div class=\"elementor-widget-wrap elementor-element-populated\">\n\t\t\t\t\t\t<div class=\"elementor-element elementor-element-cffb16d elementor-widget elementor-widget-image\" data-id=\"cffb16d\" data-element_type=\"widget\" data-e-type=\"widget\" data-widget_type=\"image.default\">\n\t\t\t\t<div class=\"elementor-widget-container\">\n\t\t\t\t\t\t\t\t\t\t\t\t\t\t\t<img fetchpriority=\"high\" decoding=\"async\" width=\"800\" height=\"400\" src=\"https:\/\/fairsnack.bio\/wp-content\/uploads\/2022\/06\/Mango-1024x512.jpg\" class=\"attachment-large size-large wp-image-499\" alt=\"\" srcset=\"https:\/\/fairsnack.bio\/wp-content\/uploads\/2022\/06\/Mango-1024x512.jpg 1024w, https:\/\/fairsnack.bio\/wp-content\/uploads\/2022\/06\/Mango-300x150.jpg 300w, https:\/\/fairsnack.bio\/wp-content\/uploads\/2022\/06\/Mango-768x384.jpg 768w, https:\/\/fairsnack.bio\/wp-content\/uploads\/2022\/06\/Mango.jpg 1200w\" sizes=\"(max-width: 800px) 100vw, 800px\" \/>\t\t\t\t\t\t\t\t\t\t\t\t\t\t\t<\/div>\n\t\t\t\t<\/div>\n\t\t\t\t\t<\/div>\n\t\t<\/div>\n\t\t\t\t\t<\/div>\n\t\t<\/section>\n\t\t\t\t<section class=\"elementor-section elementor-top-section elementor-element elementor-element-fdbf94d elementor-section-boxed elementor-section-height-default elementor-section-height-default\" data-id=\"fdbf94d\" data-element_type=\"section\" data-e-type=\"section\">\n\t\t\t\t\t\t<div class=\"elementor-container elementor-column-gap-default\">\n\t\t\t\t\t<div class=\"elementor-column elementor-col-50 elementor-top-column elementor-element elementor-element-252c9bb\" data-id=\"252c9bb\" data-element_type=\"column\" data-e-type=\"column\">\n\t\t\t<div class=\"elementor-widget-wrap elementor-element-populated\">\n\t\t\t\t\t\t<div class=\"elementor-element elementor-element-b536eb7 elementor-widget elementor-widget-heading\" data-id=\"b536eb7\" data-element_type=\"widget\" data-e-type=\"widget\" data-widget_type=\"heading.default\">\n\t\t\t\t<div class=\"elementor-widget-container\">\n\t\t\t\t\t<h2 class=\"elementor-heading-title elementor-size-default\">Dried Mango<\/h2>\t\t\t\t<\/div>\n\t\t\t\t<\/div>\n\t\t\t\t<div class=\"elementor-element elementor-element-eed8ff9 elementor-widget elementor-widget-text-editor\" data-id=\"eed8ff9\" data-element_type=\"widget\" data-e-type=\"widget\" data-widget_type=\"text-editor.default\">\n\t\t\t\t<div class=\"elementor-widget-container\">\n\t\t\t\t\t\t\t\t\t<ul><li><strong>No added sugar and non-sulphurised<\/strong><\/li><li><strong>Organic certification in accordance with the EG Directive on organic farming<\/strong><\/li><li><strong>Gently freeze-dried for a rich taste<\/strong><\/li><\/ul>\t\t\t\t\t\t\t\t<\/div>\n\t\t\t\t<\/div>\n\t\t\t\t<div class=\"elementor-element elementor-element-f4d45d7 elementor-widget elementor-widget-text-editor\" data-id=\"f4d45d7\" data-element_type=\"widget\" data-e-type=\"widget\" data-widget_type=\"text-editor.default\">\n\t\t\t\t<div class=\"elementor-widget-container\">\n\t\t\t\t\t\t\t\t\t<p>Our dried organic mangos are wonderfully sweet and fruity \u2013 without added sugar or chemical additives! The fruits of the varieties Brooks, Amelie and Kent are harvested fully ripened under the African sun and gently freeze-dried to optimally preserve their typical flavour and valuable nutrients. As we do not add any preservatives or sulphur, the taste of our mangos remains naturally sweet and pleasantly fine.<\/p><p>With their high content of the vitamins A, K and the antioxidant and radical scavenger vitamin C, dried mangos by fairsnack are as juicy and tasty as nature has created them. A true taste experience as a snack on-the-go or as a refinement on muesli, in smoothies or salads!<\/p><p><span style=\"color: #71b73a;\"><strong><br \/>Unsere Produkte erf\u00fcllen die neuen Vorgaben der EU-Rechtsvorschriften f\u00fcr den \u00f6kologischen Landbau in der Verordnung (EU) 2018\/848.<\/strong><\/span><br \/><span style=\"color: #71b73a;\"><strong>\u00d6ko-Kontrollstelle: DE-\u00d6KO-007<\/strong><\/span><\/p>\t\t\t\t\t\t\t\t<\/div>\n\t\t\t\t<\/div>\n\t\t\t\t\t<\/div>\n\t\t<\/div>\n\t\t\t\t<div class=\"elementor-column elementor-col-50 elementor-top-column elementor-element elementor-element-3658401\" data-id=\"3658401\" data-element_type=\"column\" data-e-type=\"column\">\n\t\t\t<div class=\"elementor-widget-wrap elementor-element-populated\">\n\t\t\t\t\t\t<div class=\"elementor-element elementor-element-f63b10a elementor-vertical-align-top elementor-widget elementor-widget-image-box\" data-id=\"f63b10a\" data-element_type=\"widget\" data-e-type=\"widget\" data-widget_type=\"image-box.default\">\n\t\t\t\t<div class=\"elementor-widget-container\">\n\t\t\t\t\t<div class=\"elementor-image-box-wrapper\"><div class=\"elementor-image-box-content\"><h3 class=\"elementor-image-box-title\">Origin<\/h3><p class=\"elementor-image-box-description\">Burkina Faso<\/p><\/div><\/div>\t\t\t\t<\/div>\n\t\t\t\t<\/div>\n\t\t\t\t<div class=\"elementor-element elementor-element-a2894f9 elementor-widget-divider--view-line elementor-widget elementor-widget-divider\" data-id=\"a2894f9\" data-element_type=\"widget\" data-e-type=\"widget\" data-widget_type=\"divider.default\">\n\t\t\t\t<div class=\"elementor-widget-container\">\n\t\t\t\t\t\t\t<div class=\"elementor-divider\">\n\t\t\t<span class=\"elementor-divider-separator\">\n\t\t\t\t\t\t<\/span>\n\t\t<\/div>\n\t\t\t\t\t\t<\/div>\n\t\t\t\t<\/div>\n\t\t\t\t<div class=\"elementor-element elementor-element-fefaa87 elementor-vertical-align-top elementor-widget elementor-widget-image-box\" data-id=\"fefaa87\" data-element_type=\"widget\" data-e-type=\"widget\" data-widget_type=\"image-box.default\">\n\t\t\t\t<div class=\"elementor-widget-container\">\n\t\t\t\t\t<div class=\"elementor-image-box-wrapper\"><div class=\"elementor-image-box-content\"><h3 class=\"elementor-image-box-title\">Shipping time<\/h3><p class=\"elementor-image-box-description\">From 1000KG (box weighs 22,68KG)<\/p><\/div><\/div>\t\t\t\t<\/div>\n\t\t\t\t<\/div>\n\t\t\t\t<div class=\"elementor-element elementor-element-8b01ec1 elementor-widget-divider--view-line elementor-widget elementor-widget-divider\" data-id=\"8b01ec1\" data-element_type=\"widget\" data-e-type=\"widget\" data-widget_type=\"divider.default\">\n\t\t\t\t<div class=\"elementor-widget-container\">\n\t\t\t\t\t\t\t<div class=\"elementor-divider\">\n\t\t\t<span class=\"elementor-divider-separator\">\n\t\t\t\t\t\t<\/span>\n\t\t<\/div>\n\t\t\t\t\t\t<\/div>\n\t\t\t\t<\/div>\n\t\t\t\t<div class=\"elementor-element elementor-element-49dac1b elementor-vertical-align-top elementor-widget elementor-widget-image-box\" data-id=\"49dac1b\" data-element_type=\"widget\" data-e-type=\"widget\" data-widget_type=\"image-box.default\">\n\t\t\t\t<div class=\"elementor-widget-container\">\n\t\t\t\t\t<div class=\"elementor-image-box-wrapper\"><div class=\"elementor-image-box-content\"><h3 class=\"elementor-image-box-title\">Shipping time<\/h3><p class=\"elementor-image-box-description\">2 weeks<\/p><\/div><\/div>\t\t\t\t<\/div>\n\t\t\t\t<\/div>\n\t\t\t\t\t<\/div>\n\t\t<\/div>\n\t\t\t\t\t<\/div>\n\t\t<\/section>\n\t\t\t\t<\/div>","protected":false},"excerpt":{"rendered":"<p>Getrocknete Mango Ohne Zuckerzusatz und ungeschwefelt Bio-zertifiziert gem\u00e4\u00df EG-\u00d6ko-Verordnung Schonend gefriergetrocknet und intensiv im Aroma Unsere getrockneten Bio Mangos sind herrlich s\u00fc\u00df und aromatisch fruchtig \u2013 und das ganz ohne Zuckerzusatz und chemische Zus\u00e4tze! Die Fr\u00fcchte der Sorten Brooks, Amelie und Kent werden vollendet gereift unter der afrikanischen Sonne geerntet und schonend\u00a0 gefriergetrocknet, sodass ihr [&hellip;]<\/p>\n","protected":false},"author":2,"featured_media":0,"parent":67,"menu_order":5,"comment_status":"closed","ping_status":"closed","template":"","meta":{"footnotes":""},"class_list":["post-225","page","type-page","status-publish","hentry"],"_links":{"self":[{"href":"https:\/\/fairsnack.bio\/en\/wp-json\/wp\/v2\/pages\/225","targetHints":{"allow":["GET"]}}],"collection":[{"href":"https:\/\/fairsnack.bio\/en\/wp-json\/wp\/v2\/pages"}],"about":[{"href":"https:\/\/fairsnack.bio\/en\/wp-json\/wp\/v2\/types\/page"}],"author":[{"embeddable":true,"href":"https:\/\/fairsnack.bio\/en\/wp-json\/wp\/v2\/users\/2"}],"replies":[{"embeddable":true,"href":"https:\/\/fairsnack.bio\/en\/wp-json\/wp\/v2\/comments?post=225"}],"version-history":[{"count":5,"href":"https:\/\/fairsnack.bio\/en\/wp-json\/wp\/v2\/pages\/225\/revisions"}],"predecessor-version":[{"id":809,"href":"https:\/\/fairsnack.bio\/en\/wp-json\/wp\/v2\/pages\/225\/revisions\/809"}],"up":[{"embeddable":true,"href":"https:\/\/fairsnack.bio\/en\/wp-json\/wp\/v2\/pages\/67"}],"wp:attachment":[{"href":"https:\/\/fairsnack.bio\/en\/wp-json\/wp\/v2\/media?parent=225"}],"curies":[{"name":"wp","href":"https:\/\/api.w.org\/{rel}","templated":true}]}}