{"id":223,"date":"2022-06-23T13:03:57","date_gmt":"2022-06-23T11:03:57","guid":{"rendered":"https:\/\/dev.fairsnack.bio\/?page_id=223"},"modified":"2023-04-11T17:14:44","modified_gmt":"2023-04-11T15:14:44","slug":"sesam","status":"publish","type":"page","link":"https:\/\/fairsnack.bio\/en\/produkte\/sesam\/","title":{"rendered":"Sesame Seeds"},"content":{"rendered":"<div data-elementor-type=\"wp-page\" data-elementor-id=\"223\" class=\"elementor elementor-223\" data-elementor-post-type=\"page\">\n\t\t\t\t\t\t<section class=\"elementor-section elementor-top-section elementor-element elementor-element-57fc468 elementor-section-boxed elementor-section-height-default elementor-section-height-default\" data-id=\"57fc468\" data-element_type=\"section\" data-e-type=\"section\">\n\t\t\t\t\t\t<div class=\"elementor-container elementor-column-gap-default\">\n\t\t\t\t\t<div class=\"elementor-column elementor-col-100 elementor-top-column elementor-element elementor-element-29921ad\" data-id=\"29921ad\" data-element_type=\"column\" data-e-type=\"column\">\n\t\t\t<div class=\"elementor-widget-wrap elementor-element-populated\">\n\t\t\t\t\t\t<div class=\"elementor-element elementor-element-0ef686f elementor-widget elementor-widget-image\" data-id=\"0ef686f\" data-element_type=\"widget\" data-e-type=\"widget\" data-widget_type=\"image.default\">\n\t\t\t\t<div class=\"elementor-widget-container\">\n\t\t\t\t\t\t\t\t\t\t\t\t\t\t\t<img fetchpriority=\"high\" decoding=\"async\" width=\"800\" height=\"400\" src=\"https:\/\/fairsnack.bio\/wp-content\/uploads\/2022\/06\/Sesam-2-1024x512.jpg\" class=\"attachment-large size-large wp-image-501\" alt=\"\" srcset=\"https:\/\/fairsnack.bio\/wp-content\/uploads\/2022\/06\/Sesam-2-1024x512.jpg 1024w, https:\/\/fairsnack.bio\/wp-content\/uploads\/2022\/06\/Sesam-2-300x150.jpg 300w, https:\/\/fairsnack.bio\/wp-content\/uploads\/2022\/06\/Sesam-2-768x384.jpg 768w, https:\/\/fairsnack.bio\/wp-content\/uploads\/2022\/06\/Sesam-2.jpg 1200w\" sizes=\"(max-width: 800px) 100vw, 800px\" \/>\t\t\t\t\t\t\t\t\t\t\t\t\t\t\t<\/div>\n\t\t\t\t<\/div>\n\t\t\t\t\t<\/div>\n\t\t<\/div>\n\t\t\t\t\t<\/div>\n\t\t<\/section>\n\t\t\t\t<section class=\"elementor-section elementor-top-section elementor-element elementor-element-b71653b elementor-section-boxed elementor-section-height-default elementor-section-height-default\" data-id=\"b71653b\" data-element_type=\"section\" data-e-type=\"section\">\n\t\t\t\t\t\t<div class=\"elementor-container elementor-column-gap-default\">\n\t\t\t\t\t<div class=\"elementor-column elementor-col-50 elementor-top-column elementor-element elementor-element-8ba584b\" data-id=\"8ba584b\" data-element_type=\"column\" data-e-type=\"column\">\n\t\t\t<div class=\"elementor-widget-wrap elementor-element-populated\">\n\t\t\t\t\t\t<div class=\"elementor-element elementor-element-f23a24c elementor-widget elementor-widget-heading\" data-id=\"f23a24c\" data-element_type=\"widget\" data-e-type=\"widget\" data-widget_type=\"heading.default\">\n\t\t\t\t<div class=\"elementor-widget-container\">\n\t\t\t\t\t<h2 class=\"elementor-heading-title elementor-size-default\">Sesame Seeds<\/h2>\t\t\t\t<\/div>\n\t\t\t\t<\/div>\n\t\t\t\t<div class=\"elementor-element elementor-element-13f4a63 elementor-widget elementor-widget-text-editor\" data-id=\"13f4a63\" data-element_type=\"widget\" data-e-type=\"widget\" data-widget_type=\"text-editor.default\">\n\t\t\t\t<div class=\"elementor-widget-container\">\n\t\t\t\t\t\t\t\t\t<ul><li><strong>RAW and no additives<\/strong><\/li><li><strong>Organic certification in accordance with the EG Directive on organic farming<\/strong><\/li><\/ul>\t\t\t\t\t\t\t\t<\/div>\n\t\t\t\t<\/div>\n\t\t\t\t<div class=\"elementor-element elementor-element-9952b5f elementor-widget elementor-widget-text-editor\" data-id=\"9952b5f\" data-element_type=\"widget\" data-e-type=\"widget\" data-widget_type=\"text-editor.default\">\n\t\t\t\t<div class=\"elementor-widget-container\">\n\t\t\t\t\t\t\t\t\t<p>Sesame is the seed of the sesame plant, one of the oldest cultivated plants in the world. It probably originated in Asia and is still an important ingredient in many Asian and oriental dishes. Sesame has a fat content of 50% and a high proportion of unsaturated fatty acids, including the essential omega 6 fatty acid, which has a positive effect on cholesterol levels. In addition, sesame has a high percentage of protein of around 20% as well as lecithin, which is an important component of our brain and nerve cells. Sesame, however, stands out particularly due to its high calcium content.<\/p><p><span style=\"color: #71b73a;\"><strong><br \/>Unsere Produkte erf\u00fcllen die neuen Vorgaben der EU-Rechtsvorschriften f\u00fcr den \u00f6kologischen Landbau in der Verordnung (EU) 2018\/848.<\/strong><\/span><br \/><span style=\"color: #71b73a;\"><strong>\u00d6ko-Kontrollstelle: DE-\u00d6KO-007<\/strong><\/span><\/p>\t\t\t\t\t\t\t\t<\/div>\n\t\t\t\t<\/div>\n\t\t\t\t\t<\/div>\n\t\t<\/div>\n\t\t\t\t<div class=\"elementor-column elementor-col-50 elementor-top-column elementor-element elementor-element-aa8101e\" data-id=\"aa8101e\" data-element_type=\"column\" data-e-type=\"column\">\n\t\t\t<div class=\"elementor-widget-wrap elementor-element-populated\">\n\t\t\t\t\t\t<div class=\"elementor-element elementor-element-14c0f4b elementor-vertical-align-top elementor-widget elementor-widget-image-box\" data-id=\"14c0f4b\" data-element_type=\"widget\" data-e-type=\"widget\" data-widget_type=\"image-box.default\">\n\t\t\t\t<div class=\"elementor-widget-container\">\n\t\t\t\t\t<div class=\"elementor-image-box-wrapper\"><div class=\"elementor-image-box-content\"><h3 class=\"elementor-image-box-title\">Origin<\/h3><p class=\"elementor-image-box-description\">Burkina Faso<\/p><\/div><\/div>\t\t\t\t<\/div>\n\t\t\t\t<\/div>\n\t\t\t\t<div class=\"elementor-element elementor-element-6fa53a1 elementor-widget-divider--view-line elementor-widget elementor-widget-divider\" data-id=\"6fa53a1\" data-element_type=\"widget\" data-e-type=\"widget\" data-widget_type=\"divider.default\">\n\t\t\t\t<div class=\"elementor-widget-container\">\n\t\t\t\t\t\t\t<div class=\"elementor-divider\">\n\t\t\t<span class=\"elementor-divider-separator\">\n\t\t\t\t\t\t<\/span>\n\t\t<\/div>\n\t\t\t\t\t\t<\/div>\n\t\t\t\t<\/div>\n\t\t\t\t<div class=\"elementor-element elementor-element-3b73f1e elementor-vertical-align-top elementor-widget elementor-widget-image-box\" data-id=\"3b73f1e\" data-element_type=\"widget\" data-e-type=\"widget\" data-widget_type=\"image-box.default\">\n\t\t\t\t<div class=\"elementor-widget-container\">\n\t\t\t\t\t<div class=\"elementor-image-box-wrapper\"><div class=\"elementor-image-box-content\"><h3 class=\"elementor-image-box-title\">Shipping time<\/h3><p class=\"elementor-image-box-description\">From 1000KG (box weighs 22,68KG)<\/p><\/div><\/div>\t\t\t\t<\/div>\n\t\t\t\t<\/div>\n\t\t\t\t<div class=\"elementor-element elementor-element-c7c5c69 elementor-widget-divider--view-line elementor-widget elementor-widget-divider\" data-id=\"c7c5c69\" data-element_type=\"widget\" data-e-type=\"widget\" data-widget_type=\"divider.default\">\n\t\t\t\t<div class=\"elementor-widget-container\">\n\t\t\t\t\t\t\t<div class=\"elementor-divider\">\n\t\t\t<span class=\"elementor-divider-separator\">\n\t\t\t\t\t\t<\/span>\n\t\t<\/div>\n\t\t\t\t\t\t<\/div>\n\t\t\t\t<\/div>\n\t\t\t\t<div class=\"elementor-element elementor-element-8643a2d elementor-vertical-align-top elementor-widget elementor-widget-image-box\" data-id=\"8643a2d\" data-element_type=\"widget\" data-e-type=\"widget\" data-widget_type=\"image-box.default\">\n\t\t\t\t<div class=\"elementor-widget-container\">\n\t\t\t\t\t<div class=\"elementor-image-box-wrapper\"><div class=\"elementor-image-box-content\"><h3 class=\"elementor-image-box-title\">Shipping time<\/h3><p class=\"elementor-image-box-description\">2 weeks<\/p><\/div><\/div>\t\t\t\t<\/div>\n\t\t\t\t<\/div>\n\t\t\t\t\t<\/div>\n\t\t<\/div>\n\t\t\t\t\t<\/div>\n\t\t<\/section>\n\t\t\t\t<\/div>","protected":false},"excerpt":{"rendered":"<p>Sesam Unbehandelt und ohne Zus\u00e4tze Bio-zertifiziert gem\u00e4\u00df EG-\u00d6ko-Verordnung Sesam ist der Samen der Sesampflanze, einer der \u00e4ltesten Kulturpflanzen der Welt. Er stammt vermutlich aus Asien und ist noch heute ein wichtiger Bestandteil vieler asiatischer und orientalischer Gerichte. Sesam weist einen Fettgehalt von 50% und einen hohen Anteil an unges\u00e4ttigten Fetts\u00e4uren auf, darunter die essenzielle Omega-6-Fetts\u00e4ure, [&hellip;]<\/p>\n","protected":false},"author":2,"featured_media":0,"parent":67,"menu_order":4,"comment_status":"closed","ping_status":"closed","template":"","meta":{"footnotes":""},"class_list":["post-223","page","type-page","status-publish","hentry"],"_links":{"self":[{"href":"https:\/\/fairsnack.bio\/en\/wp-json\/wp\/v2\/pages\/223","targetHints":{"allow":["GET"]}}],"collection":[{"href":"https:\/\/fairsnack.bio\/en\/wp-json\/wp\/v2\/pages"}],"about":[{"href":"https:\/\/fairsnack.bio\/en\/wp-json\/wp\/v2\/types\/page"}],"author":[{"embeddable":true,"href":"https:\/\/fairsnack.bio\/en\/wp-json\/wp\/v2\/users\/2"}],"replies":[{"embeddable":true,"href":"https:\/\/fairsnack.bio\/en\/wp-json\/wp\/v2\/comments?post=223"}],"version-history":[{"count":5,"href":"https:\/\/fairsnack.bio\/en\/wp-json\/wp\/v2\/pages\/223\/revisions"}],"predecessor-version":[{"id":806,"href":"https:\/\/fairsnack.bio\/en\/wp-json\/wp\/v2\/pages\/223\/revisions\/806"}],"up":[{"embeddable":true,"href":"https:\/\/fairsnack.bio\/en\/wp-json\/wp\/v2\/pages\/67"}],"wp:attachment":[{"href":"https:\/\/fairsnack.bio\/en\/wp-json\/wp\/v2\/media?parent=223"}],"curies":[{"name":"wp","href":"https:\/\/api.w.org\/{rel}","templated":true}]}}