{"id":227,"date":"2022-06-23T13:04:25","date_gmt":"2022-06-23T11:04:25","guid":{"rendered":"https:\/\/dev.fairsnack.bio\/?page_id=227"},"modified":"2023-04-11T17:15:12","modified_gmt":"2023-04-11T15:15:12","slug":"bananen","status":"publish","type":"page","link":"http:\/\/fairsnack.bio\/en\/produkte\/bananen\/","title":{"rendered":"Banana Chips"},"content":{"rendered":"<div data-elementor-type=\"wp-page\" data-elementor-id=\"227\" class=\"elementor elementor-227\" data-elementor-post-type=\"page\">\n\t\t\t\t\t\t<section class=\"elementor-section elementor-top-section elementor-element elementor-element-c82cc9e elementor-section-boxed elementor-section-height-default elementor-section-height-default\" data-id=\"c82cc9e\" data-element_type=\"section\" data-e-type=\"section\">\n\t\t\t\t\t\t<div class=\"elementor-container elementor-column-gap-default\">\n\t\t\t\t\t<div class=\"elementor-column elementor-col-100 elementor-top-column elementor-element elementor-element-f936dd3\" data-id=\"f936dd3\" data-element_type=\"column\" data-e-type=\"column\">\n\t\t\t<div class=\"elementor-widget-wrap elementor-element-populated\">\n\t\t\t\t\t\t<div class=\"elementor-element elementor-element-2a4f83c elementor-widget elementor-widget-image\" data-id=\"2a4f83c\" data-element_type=\"widget\" data-e-type=\"widget\" data-widget_type=\"image.default\">\n\t\t\t\t<div class=\"elementor-widget-container\">\n\t\t\t\t\t\t\t\t\t\t\t\t\t\t\t<img fetchpriority=\"high\" decoding=\"async\" width=\"800\" height=\"400\" src=\"https:\/\/fairsnack.bio\/wp-content\/uploads\/2022\/06\/bananen-1024x512.jpg\" class=\"attachment-large size-large wp-image-495\" alt=\"\" srcset=\"https:\/\/fairsnack.bio\/wp-content\/uploads\/2022\/06\/bananen-1024x512.jpg 1024w, https:\/\/fairsnack.bio\/wp-content\/uploads\/2022\/06\/bananen-300x150.jpg 300w, https:\/\/fairsnack.bio\/wp-content\/uploads\/2022\/06\/bananen-768x384.jpg 768w, https:\/\/fairsnack.bio\/wp-content\/uploads\/2022\/06\/bananen.jpg 1200w\" sizes=\"(max-width: 800px) 100vw, 800px\" \/>\t\t\t\t\t\t\t\t\t\t\t\t\t\t\t<\/div>\n\t\t\t\t<\/div>\n\t\t\t\t\t<\/div>\n\t\t<\/div>\n\t\t\t\t\t<\/div>\n\t\t<\/section>\n\t\t\t\t<section class=\"elementor-section elementor-top-section elementor-element elementor-element-4407b1a elementor-section-boxed elementor-section-height-default elementor-section-height-default\" data-id=\"4407b1a\" data-element_type=\"section\" data-e-type=\"section\">\n\t\t\t\t\t\t<div class=\"elementor-container elementor-column-gap-default\">\n\t\t\t\t\t<div class=\"elementor-column elementor-col-50 elementor-top-column elementor-element elementor-element-4baff94\" data-id=\"4baff94\" data-element_type=\"column\" data-e-type=\"column\">\n\t\t\t<div class=\"elementor-widget-wrap elementor-element-populated\">\n\t\t\t\t\t\t<div class=\"elementor-element elementor-element-bb5f65e elementor-widget elementor-widget-heading\" data-id=\"bb5f65e\" data-element_type=\"widget\" data-e-type=\"widget\" data-widget_type=\"heading.default\">\n\t\t\t\t<div class=\"elementor-widget-container\">\n\t\t\t\t\t<h2 class=\"elementor-heading-title elementor-size-default\">Banana Chips<\/h2>\t\t\t\t<\/div>\n\t\t\t\t<\/div>\n\t\t\t\t<div class=\"elementor-element elementor-element-5399b3c elementor-widget elementor-widget-text-editor\" data-id=\"5399b3c\" data-element_type=\"widget\" data-e-type=\"widget\" data-widget_type=\"text-editor.default\">\n\t\t\t\t<div class=\"elementor-widget-container\">\n\t\t\t\t\t\t\t\t\t<ul><li><strong>RAW and no added sugar<\/strong><\/li><li><strong>Organic certification in accordance with the EG Directive on organic farming<\/strong><\/li><li><strong>Gently freeze-dried for a rich taste<\/strong><\/li><\/ul>\t\t\t\t\t\t\t\t<\/div>\n\t\t\t\t<\/div>\n\t\t\t\t<div class=\"elementor-element elementor-element-9e9efb3 elementor-widget elementor-widget-text-editor\" data-id=\"9e9efb3\" data-element_type=\"widget\" data-e-type=\"widget\" data-widget_type=\"text-editor.default\">\n\t\t\t\t<div class=\"elementor-widget-container\">\n\t\t\t\t\t\t\t\t\t<p>Dried organic bananas by fairsnack taste like the African sun and unfold their full, intense flavour due to gentle processing, even without added sugar. As we do not add any preservatives or sulphur, our dried bananas are a natural taste experience with a fine sweetness that makes them a healthy snack for in between meals, in a muesli or as a topping on a delicious smoothie.\n\nThe freeze-drying process also preserves the valuable nutrients of the fresh fruit. Dried bananas are rich in minerals such as potassium, phosphorus, selenium and magnesium, as well as B vitamins, vitamins A, C, D, E and K. They also contain fibres, which promote a smooth digestion.<\/p><p><span style=\"color: #71b73a;\"><strong><br \/>Unsere Produkte erf\u00fcllen die neuen Vorgaben der EU-Rechtsvorschriften f\u00fcr den \u00f6kologischen Landbau in der Verordnung (EU) 2018\/848.<\/strong><\/span><br \/><span style=\"color: #71b73a;\"><strong>\u00d6ko-Kontrollstelle: DE-\u00d6KO-007<\/strong><\/span><\/p>\t\t\t\t\t\t\t\t<\/div>\n\t\t\t\t<\/div>\n\t\t\t\t\t<\/div>\n\t\t<\/div>\n\t\t\t\t<div class=\"elementor-column elementor-col-50 elementor-top-column elementor-element elementor-element-aa4d7cc\" data-id=\"aa4d7cc\" data-element_type=\"column\" data-e-type=\"column\">\n\t\t\t<div class=\"elementor-widget-wrap elementor-element-populated\">\n\t\t\t\t\t\t<div class=\"elementor-element elementor-element-98401cf elementor-vertical-align-top elementor-widget elementor-widget-image-box\" data-id=\"98401cf\" data-element_type=\"widget\" data-e-type=\"widget\" data-widget_type=\"image-box.default\">\n\t\t\t\t<div class=\"elementor-widget-container\">\n\t\t\t\t\t<div class=\"elementor-image-box-wrapper\"><div class=\"elementor-image-box-content\"><h3 class=\"elementor-image-box-title\">Origin<\/h3><p class=\"elementor-image-box-description\">Burkina Faso<\/p><\/div><\/div>\t\t\t\t<\/div>\n\t\t\t\t<\/div>\n\t\t\t\t<div class=\"elementor-element elementor-element-c8aab25 elementor-widget-divider--view-line elementor-widget elementor-widget-divider\" data-id=\"c8aab25\" data-element_type=\"widget\" data-e-type=\"widget\" data-widget_type=\"divider.default\">\n\t\t\t\t<div class=\"elementor-widget-container\">\n\t\t\t\t\t\t\t<div class=\"elementor-divider\">\n\t\t\t<span class=\"elementor-divider-separator\">\n\t\t\t\t\t\t<\/span>\n\t\t<\/div>\n\t\t\t\t\t\t<\/div>\n\t\t\t\t<\/div>\n\t\t\t\t<div class=\"elementor-element elementor-element-a21f53d elementor-vertical-align-top elementor-widget elementor-widget-image-box\" data-id=\"a21f53d\" data-element_type=\"widget\" data-e-type=\"widget\" data-widget_type=\"image-box.default\">\n\t\t\t\t<div class=\"elementor-widget-container\">\n\t\t\t\t\t<div class=\"elementor-image-box-wrapper\"><div class=\"elementor-image-box-content\"><h3 class=\"elementor-image-box-title\">Shipping time<\/h3><p class=\"elementor-image-box-description\">From 1000KG (box weighs 22,68KG)<\/p><\/div><\/div>\t\t\t\t<\/div>\n\t\t\t\t<\/div>\n\t\t\t\t<div class=\"elementor-element elementor-element-0736be6 elementor-widget-divider--view-line elementor-widget elementor-widget-divider\" data-id=\"0736be6\" data-element_type=\"widget\" data-e-type=\"widget\" data-widget_type=\"divider.default\">\n\t\t\t\t<div class=\"elementor-widget-container\">\n\t\t\t\t\t\t\t<div class=\"elementor-divider\">\n\t\t\t<span class=\"elementor-divider-separator\">\n\t\t\t\t\t\t<\/span>\n\t\t<\/div>\n\t\t\t\t\t\t<\/div>\n\t\t\t\t<\/div>\n\t\t\t\t<div class=\"elementor-element elementor-element-4dba41b elementor-vertical-align-top elementor-widget elementor-widget-image-box\" data-id=\"4dba41b\" data-element_type=\"widget\" data-e-type=\"widget\" data-widget_type=\"image-box.default\">\n\t\t\t\t<div class=\"elementor-widget-container\">\n\t\t\t\t\t<div class=\"elementor-image-box-wrapper\"><div class=\"elementor-image-box-content\"><h3 class=\"elementor-image-box-title\">Shipping time<\/h3><p class=\"elementor-image-box-description\">2 weeks<\/p><\/div><\/div>\t\t\t\t<\/div>\n\t\t\t\t<\/div>\n\t\t\t\t\t<\/div>\n\t\t<\/div>\n\t\t\t\t\t<\/div>\n\t\t<\/section>\n\t\t\t\t<\/div>","protected":false},"excerpt":{"rendered":"<p>Getrocknete Bananenchips Unbehandelt und ohne Zuckerzusatz Bio-zertifiziert gem\u00e4\u00df EG-\u00d6ko-Verordnung Schonend gefriergetrocknet und intensiv im Aroma Die getrockneten Bio Bananen von fairsnack schmecken nach der afrikanischen Sonne und entfalten dank einer schonenden Verarbeitung auch ohne Zuckerzusatz ihr volles,\u00a0 intensives Aroma. Ganz ohne Konservierungsstoffe oder den Zusatz von Schwefel sind sie ein nat\u00fcrliches Geschmackserlebnis mit feiner S\u00fc\u00dfe, [&hellip;]<\/p>\n","protected":false},"author":2,"featured_media":0,"parent":67,"menu_order":6,"comment_status":"closed","ping_status":"closed","template":"","meta":{"footnotes":""},"class_list":["post-227","page","type-page","status-publish","hentry"],"_links":{"self":[{"href":"http:\/\/fairsnack.bio\/en\/wp-json\/wp\/v2\/pages\/227","targetHints":{"allow":["GET"]}}],"collection":[{"href":"http:\/\/fairsnack.bio\/en\/wp-json\/wp\/v2\/pages"}],"about":[{"href":"http:\/\/fairsnack.bio\/en\/wp-json\/wp\/v2\/types\/page"}],"author":[{"embeddable":true,"href":"http:\/\/fairsnack.bio\/en\/wp-json\/wp\/v2\/users\/2"}],"replies":[{"embeddable":true,"href":"http:\/\/fairsnack.bio\/en\/wp-json\/wp\/v2\/comments?post=227"}],"version-history":[{"count":5,"href":"http:\/\/fairsnack.bio\/en\/wp-json\/wp\/v2\/pages\/227\/revisions"}],"predecessor-version":[{"id":812,"href":"http:\/\/fairsnack.bio\/en\/wp-json\/wp\/v2\/pages\/227\/revisions\/812"}],"up":[{"embeddable":true,"href":"http:\/\/fairsnack.bio\/en\/wp-json\/wp\/v2\/pages\/67"}],"wp:attachment":[{"href":"http:\/\/fairsnack.bio\/en\/wp-json\/wp\/v2\/media?parent=227"}],"curies":[{"name":"wp","href":"https:\/\/api.w.org\/{rel}","templated":true}]}}