{"id":216,"date":"2022-06-23T13:03:01","date_gmt":"2022-06-23T11:03:01","guid":{"rendered":"https:\/\/dev.fairsnack.bio\/?page_id=216"},"modified":"2023-04-11T17:14:02","modified_gmt":"2023-04-11T15:14:02","slug":"cashew","status":"publish","type":"page","link":"http:\/\/fairsnack.bio\/en\/produkte\/cashew\/","title":{"rendered":"Cashew"},"content":{"rendered":"<div data-elementor-type=\"wp-page\" data-elementor-id=\"216\" class=\"elementor elementor-216\" data-elementor-post-type=\"page\">\n\t\t\t\t\t\t<section class=\"elementor-section elementor-top-section elementor-element elementor-element-fc28033 elementor-section-boxed elementor-section-height-default elementor-section-height-default\" data-id=\"fc28033\" data-element_type=\"section\" data-e-type=\"section\">\n\t\t\t\t\t\t<div class=\"elementor-container elementor-column-gap-default\">\n\t\t\t\t\t<div class=\"elementor-column elementor-col-100 elementor-top-column elementor-element elementor-element-a4f710a\" data-id=\"a4f710a\" data-element_type=\"column\" data-e-type=\"column\">\n\t\t\t<div class=\"elementor-widget-wrap elementor-element-populated\">\n\t\t\t\t\t\t<div class=\"elementor-element elementor-element-ca5e15d elementor-widget elementor-widget-image\" data-id=\"ca5e15d\" data-element_type=\"widget\" data-e-type=\"widget\" data-widget_type=\"image.default\">\n\t\t\t\t<div class=\"elementor-widget-container\">\n\t\t\t\t\t\t\t\t\t\t\t\t\t\t\t<img fetchpriority=\"high\" decoding=\"async\" width=\"800\" height=\"400\" src=\"https:\/\/fairsnack.bio\/wp-content\/uploads\/2022\/06\/Cashew2-1024x512.jpg\" class=\"attachment-large size-large wp-image-496\" alt=\"\" srcset=\"https:\/\/fairsnack.bio\/wp-content\/uploads\/2022\/06\/Cashew2-1024x512.jpg 1024w, https:\/\/fairsnack.bio\/wp-content\/uploads\/2022\/06\/Cashew2-300x150.jpg 300w, https:\/\/fairsnack.bio\/wp-content\/uploads\/2022\/06\/Cashew2-768x384.jpg 768w, https:\/\/fairsnack.bio\/wp-content\/uploads\/2022\/06\/Cashew2.jpg 1200w\" sizes=\"(max-width: 800px) 100vw, 800px\" \/>\t\t\t\t\t\t\t\t\t\t\t\t\t\t\t<\/div>\n\t\t\t\t<\/div>\n\t\t\t\t\t<\/div>\n\t\t<\/div>\n\t\t\t\t\t<\/div>\n\t\t<\/section>\n\t\t\t\t<section class=\"elementor-section elementor-top-section elementor-element elementor-element-fe9effd elementor-section-boxed elementor-section-height-default elementor-section-height-default\" data-id=\"fe9effd\" data-element_type=\"section\" data-e-type=\"section\">\n\t\t\t\t\t\t<div class=\"elementor-container elementor-column-gap-default\">\n\t\t\t\t\t<div class=\"elementor-column elementor-col-50 elementor-top-column elementor-element elementor-element-5a98047\" data-id=\"5a98047\" data-element_type=\"column\" data-e-type=\"column\">\n\t\t\t<div class=\"elementor-widget-wrap elementor-element-populated\">\n\t\t\t\t\t\t<div class=\"elementor-element elementor-element-b32dfb4 elementor-widget elementor-widget-heading\" data-id=\"b32dfb4\" data-element_type=\"widget\" data-e-type=\"widget\" data-widget_type=\"heading.default\">\n\t\t\t\t<div class=\"elementor-widget-container\">\n\t\t\t\t\t<h2 class=\"elementor-heading-title elementor-size-default\">Cashewkerne ROH<\/h2>\t\t\t\t<\/div>\n\t\t\t\t<\/div>\n\t\t\t\t<div class=\"elementor-element elementor-element-4c9f093 elementor-widget elementor-widget-text-editor\" data-id=\"4c9f093\" data-element_type=\"widget\" data-e-type=\"widget\" data-widget_type=\"text-editor.default\">\n\t\t\t\t<div class=\"elementor-widget-container\">\n\t\t\t\t\t\t\t\t\t<ul><li><strong>RAW and no additives<\/strong><\/li><li><strong>Organic certification in accordance with the EG Directive on organic farming<\/strong><\/li><li><strong>No heat treatment for a rich and natural taste<\/strong><\/li><\/ul>\t\t\t\t\t\t\t\t<\/div>\n\t\t\t\t<\/div>\n\t\t\t\t<div class=\"elementor-element elementor-element-ac39627 elementor-widget elementor-widget-text-editor\" data-id=\"ac39627\" data-element_type=\"widget\" data-e-type=\"widget\" data-widget_type=\"text-editor.default\">\n\t\t\t\t<div class=\"elementor-widget-container\">\n\t\t\t\t\t\t\t\t\t<p>Cashew nuts are the pear-shaped fruiting bodies of the cashew tree. Compared to other nuts they have are low in fat and calories, but are rich in minerals such as iron, magnesium, potassium and phosphorus. They also contain important B-vitamins, up to 20% protein and essential fatty acids such as the omega 3 fatty acid, which cannot be produced by the body itself.\n\nUnlike conventional processing methods, our organic cashew nuts are not heated, but only lightly steamed to make the shell easier to remove before cracking. They are then individually cracked by hand and gently dried at a maximum of 45\u00b0C.\n\nIn close cooperation with a nut processing initiative, fairsnack has chosen this complex processing method in order to preserve the valuable, heat-sensitive ingredients of the cashew nuts in the best way possible.<\/p><p><span style=\"color: #71b73a;\"><strong><br \/>Unsere Produkte erf\u00fcllen die neuen Vorgaben der EU-Rechtsvorschriften f\u00fcr den \u00f6kologischen Landbau in der Verordnung (EU) 2018\/848.<\/strong><\/span><br \/><span style=\"color: #71b73a;\"><strong>\u00d6ko-Kontrollstelle: DE-\u00d6KO-007<\/strong><\/span><\/p>\t\t\t\t\t\t\t\t<\/div>\n\t\t\t\t<\/div>\n\t\t\t\t\t<\/div>\n\t\t<\/div>\n\t\t\t\t<div class=\"elementor-column elementor-col-50 elementor-top-column elementor-element elementor-element-78c6e09\" data-id=\"78c6e09\" data-element_type=\"column\" data-e-type=\"column\">\n\t\t\t<div class=\"elementor-widget-wrap elementor-element-populated\">\n\t\t\t\t\t\t<div class=\"elementor-element elementor-element-a43ea88 elementor-vertical-align-top elementor-widget elementor-widget-image-box\" data-id=\"a43ea88\" data-element_type=\"widget\" data-e-type=\"widget\" data-widget_type=\"image-box.default\">\n\t\t\t\t<div class=\"elementor-widget-container\">\n\t\t\t\t\t<div class=\"elementor-image-box-wrapper\"><div class=\"elementor-image-box-content\"><h3 class=\"elementor-image-box-title\">Origin<\/h3><p class=\"elementor-image-box-description\">Burkina Faso<\/p><\/div><\/div>\t\t\t\t<\/div>\n\t\t\t\t<\/div>\n\t\t\t\t<div class=\"elementor-element elementor-element-8bc9841 elementor-widget-divider--view-line elementor-widget elementor-widget-divider\" data-id=\"8bc9841\" data-element_type=\"widget\" data-e-type=\"widget\" data-widget_type=\"divider.default\">\n\t\t\t\t<div class=\"elementor-widget-container\">\n\t\t\t\t\t\t\t<div class=\"elementor-divider\">\n\t\t\t<span class=\"elementor-divider-separator\">\n\t\t\t\t\t\t<\/span>\n\t\t<\/div>\n\t\t\t\t\t\t<\/div>\n\t\t\t\t<\/div>\n\t\t\t\t<div class=\"elementor-element elementor-element-e8175db elementor-vertical-align-top elementor-widget elementor-widget-image-box\" data-id=\"e8175db\" data-element_type=\"widget\" data-e-type=\"widget\" data-widget_type=\"image-box.default\">\n\t\t\t\t<div class=\"elementor-widget-container\">\n\t\t\t\t\t<div class=\"elementor-image-box-wrapper\"><div class=\"elementor-image-box-content\"><h3 class=\"elementor-image-box-title\">Shipping time<\/h3><p class=\"elementor-image-box-description\">From 1000KG (box weighs 22,68KG)<\/p><\/div><\/div>\t\t\t\t<\/div>\n\t\t\t\t<\/div>\n\t\t\t\t<div class=\"elementor-element elementor-element-c278a8e elementor-widget-divider--view-line elementor-widget elementor-widget-divider\" data-id=\"c278a8e\" data-element_type=\"widget\" data-e-type=\"widget\" data-widget_type=\"divider.default\">\n\t\t\t\t<div class=\"elementor-widget-container\">\n\t\t\t\t\t\t\t<div class=\"elementor-divider\">\n\t\t\t<span class=\"elementor-divider-separator\">\n\t\t\t\t\t\t<\/span>\n\t\t<\/div>\n\t\t\t\t\t\t<\/div>\n\t\t\t\t<\/div>\n\t\t\t\t<div class=\"elementor-element elementor-element-12b5825 elementor-vertical-align-top elementor-widget elementor-widget-image-box\" data-id=\"12b5825\" data-element_type=\"widget\" data-e-type=\"widget\" data-widget_type=\"image-box.default\">\n\t\t\t\t<div class=\"elementor-widget-container\">\n\t\t\t\t\t<div class=\"elementor-image-box-wrapper\"><div class=\"elementor-image-box-content\"><h3 class=\"elementor-image-box-title\">Shipping time<\/h3><p class=\"elementor-image-box-description\">Immediately available<\/p><\/div><\/div>\t\t\t\t<\/div>\n\t\t\t\t<\/div>\n\t\t\t\t\t<\/div>\n\t\t<\/div>\n\t\t\t\t\t<\/div>\n\t\t<\/section>\n\t\t\t\t<\/div>","protected":false},"excerpt":{"rendered":"<p>Cashewkerne ROH Unbehandelt und ohne Zus\u00e4tze Bio-zertifiziert gem\u00e4\u00df EG-\u00d6ko-Verordnung Nicht w\u00e4rmebehandelt und intensiv im Aroma Cashewn\u00fcsse sind die birnenf\u00f6rmigen Fruchtk\u00f6rper des Cashewbaumes. Sie z\u00e4hlen zu den fett- und kalorien\u00e4rmsten N\u00fcssen, sind jedoch reich an Mineralien wie Eisen, Magnesium, Kalium und Phosphor. Au\u00dferdem enthalten sie wichtige B-Vitamine, bis zu 20% Eiwei\u00df und essenzielle Fetts\u00e4uren wie Omega-3-Fetts\u00e4ure, [&hellip;]<\/p>\n","protected":false},"author":2,"featured_media":0,"parent":67,"menu_order":1,"comment_status":"closed","ping_status":"closed","template":"","meta":{"footnotes":""},"class_list":["post-216","page","type-page","status-publish","hentry"],"_links":{"self":[{"href":"http:\/\/fairsnack.bio\/en\/wp-json\/wp\/v2\/pages\/216","targetHints":{"allow":["GET"]}}],"collection":[{"href":"http:\/\/fairsnack.bio\/en\/wp-json\/wp\/v2\/pages"}],"about":[{"href":"http:\/\/fairsnack.bio\/en\/wp-json\/wp\/v2\/types\/page"}],"author":[{"embeddable":true,"href":"http:\/\/fairsnack.bio\/en\/wp-json\/wp\/v2\/users\/2"}],"replies":[{"embeddable":true,"href":"http:\/\/fairsnack.bio\/en\/wp-json\/wp\/v2\/comments?post=216"}],"version-history":[{"count":5,"href":"http:\/\/fairsnack.bio\/en\/wp-json\/wp\/v2\/pages\/216\/revisions"}],"predecessor-version":[{"id":800,"href":"http:\/\/fairsnack.bio\/en\/wp-json\/wp\/v2\/pages\/216\/revisions\/800"}],"up":[{"embeddable":true,"href":"http:\/\/fairsnack.bio\/en\/wp-json\/wp\/v2\/pages\/67"}],"wp:attachment":[{"href":"http:\/\/fairsnack.bio\/en\/wp-json\/wp\/v2\/media?parent=216"}],"curies":[{"name":"wp","href":"https:\/\/api.w.org\/{rel}","templated":true}]}}